{"id":300,"date":"2023-06-06T16:21:21","date_gmt":"2023-06-06T19:21:21","guid":{"rendered":"https:\/\/agenciath2.com.br\/Clientes\/_unitri\/smda\/_wp\/termos-de-uso\/"},"modified":"2024-04-09T11:38:29","modified_gmt":"2024-04-09T14:38:29","slug":"termos-de-uso","status":"publish","type":"page","link":"https:\/\/www.dobler.com.br\/en\/termos-de-uso\/","title":{"rendered":"Termos de Uso"},"content":{"rendered":"<p>O Website de Sonia Marques D\u00f6bler Advogados (\u201cSMDA\u201d), localizado no endere\u00e7o eletr\u00f4nico www.dobler.com.br, tem como \u00fanico objetivo fornecer conte\u00fado jur\u00eddico e informa\u00e7\u00f5es institucionais sobre o escrit\u00f3rio e seus integrantes. Nenhuma parte do conte\u00fado disponibilizado por meio deste Website, incluindo boletins institucionais e artigos escritos por integrantes de SMDA, deve ser interpretada como aconselhamento ou parecer jur\u00eddico. Orienta\u00e7\u00f5es legais devem ser obtidas diretamente com nossos profissionais.<\/p>\n<h3><\/h3>\n<h3><strong>Direitos Autorais<\/strong><\/h3>\n<p>Todos os materiais exibidos neste Website est\u00e3o protegidos pelas leis de Propriedade Intelectual e n\u00e3o podem ser reproduzidos e\/ou distribu\u00eddos sem a expressa autoriza\u00e7\u00e3o de SMDA.<\/p>\n<h3><\/h3>\n<h3><strong>Informa\u00e7\u00f5es de Terceiros<\/strong><\/h3>\n<p>SMDA n\u00e3o se responsabiliza por informa\u00e7\u00f5es publicadas em links externos que possam estar contidos neste Website.<\/p>\n<p>Da mesma forma, SMDA n\u00e3o pode garantir a precis\u00e3o de informa\u00e7\u00f5es relacionadas a palestras, semin\u00e1rios, apresenta\u00e7\u00f5es e materiais de terceiros.<\/p>\n<p>&nbsp;<\/p>\n","protected":false},"excerpt":{"rendered":"<p>O Website de Sonia Marques D\u00f6bler Advogados (\u201cSMDA\u201d), localizado no endere\u00e7o eletr\u00f4nico www.dobler.com.br, tem como \u00fanico objetivo fornecer conte\u00fado jur\u00eddico e informa\u00e7\u00f5es institucionais sobre o escrit\u00f3rio e seus integrantes. Nenhuma [&hellip;]<\/p>\n","protected":false},"author":1,"featured_media":0,"parent":0,"menu_order":0,"comment_status":"closed","ping_status":"closed","template":"","meta":{"footnotes":""},"class_list":["post-300","page","type-page","status-publish","hentry"],"acf":[],"yoast_head":"<!-- This site is optimized with the Yoast SEO plugin v26.9 - https:\/\/yoast.com\/product\/yoast-seo-wordpress\/ -->\n<title>Termos de Uso - SMDA<\/title>\n<meta name=\"robots\" content=\"index, follow, max-snippet:-1, max-image-preview:large, max-video-preview:-1\" \/>\n<link rel=\"canonical\" href=\"https:\/\/www.dobler.com.br\/en\/termos-de-uso\/\" \/>\n<meta property=\"og:locale\" content=\"en_US\" \/>\n<meta property=\"og:type\" content=\"article\" \/>\n<meta property=\"og:title\" content=\"Termos de Uso - SMDA\" \/>\n<meta property=\"og:description\" content=\"O Website de Sonia Marques D\u00f6bler Advogados (\u201cSMDA\u201d), localizado no endere\u00e7o eletr\u00f4nico www.dobler.com.br, tem como \u00fanico objetivo fornecer conte\u00fado jur\u00eddico e informa\u00e7\u00f5es institucionais sobre o escrit\u00f3rio e seus integrantes. Nenhuma [&hellip;]\" \/>\n<meta property=\"og:url\" content=\"https:\/\/www.dobler.com.br\/en\/termos-de-uso\/\" \/>\n<meta property=\"og:site_name\" content=\"SMDA\" \/>\n<meta property=\"article:modified_time\" content=\"2024-04-09T14:38:29+00:00\" \/>\n<meta name=\"twitter:card\" content=\"summary_large_image\" \/>\n<meta name=\"twitter:label1\" content=\"Est. reading time\" \/>\n\t<meta name=\"twitter:data1\" content=\"1 minute\" \/>\n<script type=\"application\/ld+json\" class=\"yoast-schema-graph\">{\"@context\":\"https:\/\/schema.org\",\"@graph\":[{\"@type\":\"WebPage\",\"@id\":\"https:\/\/www.dobler.com.br\/en\/termos-de-uso\/\",\"url\":\"https:\/\/www.dobler.com.br\/en\/termos-de-uso\/\",\"name\":\"Termos de Uso - SMDA\",\"isPartOf\":{\"@id\":\"https:\/\/www.dobler.com.br\/#website\"},\"datePublished\":\"2023-06-06T19:21:21+00:00\",\"dateModified\":\"2024-04-09T14:38:29+00:00\",\"breadcrumb\":{\"@id\":\"https:\/\/www.dobler.com.br\/en\/termos-de-uso\/#breadcrumb\"},\"inLanguage\":\"en-US\",\"potentialAction\":[{\"@type\":\"ReadAction\",\"target\":[\"https:\/\/www.dobler.com.br\/en\/termos-de-uso\/\"]}]},{\"@type\":\"BreadcrumbList\",\"@id\":\"https:\/\/www.dobler.com.br\/en\/termos-de-uso\/#breadcrumb\",\"itemListElement\":[{\"@type\":\"ListItem\",\"position\":1,\"name\":\"In\u00edcio\",\"item\":\"https:\/\/www.dobler.com.br\/\"},{\"@type\":\"ListItem\",\"position\":2,\"name\":\"Termos de Uso\"}]},{\"@type\":\"WebSite\",\"@id\":\"https:\/\/www.dobler.com.br\/#website\",\"url\":\"https:\/\/www.dobler.com.br\/\",\"name\":\"SMDA\",\"description\":\"\",\"publisher\":{\"@id\":\"https:\/\/www.dobler.com.br\/#organization\"},\"potentialAction\":[{\"@type\":\"SearchAction\",\"target\":{\"@type\":\"EntryPoint\",\"urlTemplate\":\"https:\/\/www.dobler.com.br\/?s={search_term_string}\"},\"query-input\":{\"@type\":\"PropertyValueSpecification\",\"valueRequired\":true,\"valueName\":\"search_term_string\"}}],\"inLanguage\":\"en-US\"},{\"@type\":\"Organization\",\"@id\":\"https:\/\/www.dobler.com.br\/#organization\",\"name\":\"SMDA\",\"url\":\"https:\/\/www.dobler.com.br\/\",\"logo\":{\"@type\":\"ImageObject\",\"inLanguage\":\"en-US\",\"@id\":\"https:\/\/www.dobler.com.br\/#\/schema\/logo\/image\/\",\"url\":\"https:\/\/www.dobler.com.br\/wp-content\/uploads\/2023\/05\/bg-placeholder.jpg\",\"contentUrl\":\"https:\/\/www.dobler.com.br\/wp-content\/uploads\/2023\/05\/bg-placeholder.jpg\",\"width\":1920,\"height\":400,\"caption\":\"SMDA\"},\"image\":{\"@id\":\"https:\/\/www.dobler.com.br\/#\/schema\/logo\/image\/\"}}]}<\/script>\n<!-- \/ Yoast SEO plugin. -->","yoast_head_json":{"title":"Termos de Uso - SMDA","robots":{"index":"index","follow":"follow","max-snippet":"max-snippet:-1","max-image-preview":"max-image-preview:large","max-video-preview":"max-video-preview:-1"},"canonical":"https:\/\/www.dobler.com.br\/en\/termos-de-uso\/","og_locale":"en_US","og_type":"article","og_title":"Termos de Uso - SMDA","og_description":"O Website de Sonia Marques D\u00f6bler Advogados (\u201cSMDA\u201d), localizado no endere\u00e7o eletr\u00f4nico www.dobler.com.br, tem como \u00fanico objetivo fornecer conte\u00fado jur\u00eddico e informa\u00e7\u00f5es institucionais sobre o escrit\u00f3rio e seus integrantes. Nenhuma [&hellip;]","og_url":"https:\/\/www.dobler.com.br\/en\/termos-de-uso\/","og_site_name":"SMDA","article_modified_time":"2024-04-09T14:38:29+00:00","twitter_card":"summary_large_image","twitter_misc":{"Est. reading time":"1 minute"},"schema":{"@context":"https:\/\/schema.org","@graph":[{"@type":"WebPage","@id":"https:\/\/www.dobler.com.br\/en\/termos-de-uso\/","url":"https:\/\/www.dobler.com.br\/en\/termos-de-uso\/","name":"Termos de Uso - SMDA","isPartOf":{"@id":"https:\/\/www.dobler.com.br\/#website"},"datePublished":"2023-06-06T19:21:21+00:00","dateModified":"2024-04-09T14:38:29+00:00","breadcrumb":{"@id":"https:\/\/www.dobler.com.br\/en\/termos-de-uso\/#breadcrumb"},"inLanguage":"en-US","potentialAction":[{"@type":"ReadAction","target":["https:\/\/www.dobler.com.br\/en\/termos-de-uso\/"]}]},{"@type":"BreadcrumbList","@id":"https:\/\/www.dobler.com.br\/en\/termos-de-uso\/#breadcrumb","itemListElement":[{"@type":"ListItem","position":1,"name":"In\u00edcio","item":"https:\/\/www.dobler.com.br\/"},{"@type":"ListItem","position":2,"name":"Termos de Uso"}]},{"@type":"WebSite","@id":"https:\/\/www.dobler.com.br\/#website","url":"https:\/\/www.dobler.com.br\/","name":"SMDA","description":"","publisher":{"@id":"https:\/\/www.dobler.com.br\/#organization"},"potentialAction":[{"@type":"SearchAction","target":{"@type":"EntryPoint","urlTemplate":"https:\/\/www.dobler.com.br\/?s={search_term_string}"},"query-input":{"@type":"PropertyValueSpecification","valueRequired":true,"valueName":"search_term_string"}}],"inLanguage":"en-US"},{"@type":"Organization","@id":"https:\/\/www.dobler.com.br\/#organization","name":"SMDA","url":"https:\/\/www.dobler.com.br\/","logo":{"@type":"ImageObject","inLanguage":"en-US","@id":"https:\/\/www.dobler.com.br\/#\/schema\/logo\/image\/","url":"https:\/\/www.dobler.com.br\/wp-content\/uploads\/2023\/05\/bg-placeholder.jpg","contentUrl":"https:\/\/www.dobler.com.br\/wp-content\/uploads\/2023\/05\/bg-placeholder.jpg","width":1920,"height":400,"caption":"SMDA"},"image":{"@id":"https:\/\/www.dobler.com.br\/#\/schema\/logo\/image\/"}}]}},"_links":{"self":[{"href":"https:\/\/www.dobler.com.br\/en\/wp-json\/wp\/v2\/pages\/300","targetHints":{"allow":["GET"]}}],"collection":[{"href":"https:\/\/www.dobler.com.br\/en\/wp-json\/wp\/v2\/pages"}],"about":[{"href":"https:\/\/www.dobler.com.br\/en\/wp-json\/wp\/v2\/types\/page"}],"author":[{"embeddable":true,"href":"https:\/\/www.dobler.com.br\/en\/wp-json\/wp\/v2\/users\/1"}],"replies":[{"embeddable":true,"href":"https:\/\/www.dobler.com.br\/en\/wp-json\/wp\/v2\/comments?post=300"}],"version-history":[{"count":2,"href":"https:\/\/www.dobler.com.br\/en\/wp-json\/wp\/v2\/pages\/300\/revisions"}],"predecessor-version":[{"id":504,"href":"https:\/\/www.dobler.com.br\/en\/wp-json\/wp\/v2\/pages\/300\/revisions\/504"}],"wp:attachment":[{"href":"https:\/\/www.dobler.com.br\/en\/wp-json\/wp\/v2\/media?parent=300"}],"curies":[{"name":"wp","href":"https:\/\/api.w.org\/{rel}","templated":true}]}}