{"id":358,"date":"2023-06-06T16:21:00","date_gmt":"2023-06-06T19:21:00","guid":{"rendered":"https:\/\/www.dobler.com.br\/politica-de-privacidade\/"},"modified":"2024-12-05T11:31:32","modified_gmt":"2024-12-05T14:31:32","slug":"datenschutzerklaerung-2","status":"publish","type":"page","link":"https:\/\/www.dobler.com.br\/de\/datenschutzerklaerung-2\/","title":{"rendered":"Datenschutzerkl\u00e4rung"},"content":{"rendered":"<p>Diese Datenschutzerkl\u00e4rung beschreibt, wie die Kanzlei Sonia Marques D\u00f6bler Advogados (\u201eSMDA\u201c) personenbezogene Daten \u00fcber:<\/p>\n<ul>\n<li>Website-Besucher<\/li>\n<li>Kontaktpersonen von Mandanten und\/oder potenziellen Mandanten<\/li>\n<li>Kontaktpersonen von Lieferanten von Waren und Dienstleistungen<\/li>\n<li>alle anderen Personen, von denen SMDA personenbezogene Daten erh\u00e4lt,<\/li>\n<\/ul>\n<p>sammelt, verwendet, teilt und verarbeitet.<\/p>\n<p><strong>Definitionen<\/strong><\/p>\n<p>Zum besseren Verst\u00e4ndnis dieser Datenschutzerkl\u00e4rung werden die folgenden Begriffe erl\u00e4utert:<\/p>\n<ul>\n<li><strong>Nationale Datenschutzbeh\u00f6rde (ANPD)<\/strong>: \u00f6ffentliche Verwaltungseinrichtung, die f\u00fcr die Implementierung des Datenschutzgesetzes in ganz Brasilien verantwortlich ist und dessen Einhaltung \u00fcberwacht.<\/li>\n<li><strong>Verantwortlicher<\/strong>: eine nat\u00fcrliche oder juristische Person des \u00f6ffentlichen oder privaten Rechts, der Entscheidungen bez\u00fcglich der Verarbeitung personenbezogener Daten zustehen.<\/li>\n<li><strong>Personenbezogene Daten<\/strong>: alle Informationen, die sich auf eine identifizierte oder identifizierbare nat\u00fcrliche Person beziehen.<\/li>\n<li><strong>Allgemeines Datenschutzgesetz (LGPD)<\/strong>: Gesetz Nr. 13.709\/2018, das den Schutz personenbezogener Daten regelt.<\/li>\n<li><strong>Auftragsverarbeiter<\/strong>: eine nat\u00fcrliche oder juristische Person des \u00f6ffentlichen oder privaten Rechts, die personenbezogene Daten im Auftrag des Verantwortlichen verarbeitet.<\/li>\n<li><strong>Betroffene Person<\/strong>: eine nat\u00fcrliche Person, auf die sich die personenbezogenen Daten beziehen, die Gegenstand der Verarbeitung sind.<\/li>\n<li><strong>Verarbeitung<\/strong>: jede Operation, die mit personenbezogenen Daten durchgef\u00fchrt wird, wie Sammlung, Produktion, Empfang, Klassifizierung, Nutzung, Zugriff, Reproduktion, \u00dcbertragung, Verteilung, Verarbeitung, Archivierung, Speicherung, L\u00f6schung, Bewertung oder Kontrolle der Informationen, \u00c4nderung, Kommunikation, \u00dcbertragung, Verbreitung oder Extraktion.<\/li>\n<\/ul>\n<p><strong>\u00dcberblick<\/strong><\/p>\n<p>Die Kanzlei SMDA ist die Verantwortliche f\u00fcr die personenbezogenen Daten, die sie verarbeitet, und kann daher Entscheidungen \u00fcber diese Daten treffen. Die Verarbeitung Ihrer personenbezogenen Daten erfolgt durch SMDA mit Ihrer Zustimmung, soweit zutreffend; zur Erf\u00fcllung gesetzlicher, regulatorischer oder vertraglicher Verpflichtungen; oder aufgrund eines berechtigten Interesses von SMDA.<\/p>\n<p><strong>Zwecke<\/strong><\/p>\n<p>Ihre personenbezogenen Daten werden von SMDA erhoben, um die Erbringung der juristischen Dienstleistungen, f\u00fcr die SMDA beauftragt wurde, zu erm\u00f6glichen und\/oder zu verbessern, sowie:<\/p>\n<ol>\n<li>zur Pflege der Mandantenbeziehungen von SMDA; b. um anhand von durch Sie genannte Pr\u00e4ferenzen und\/oder Interessen festzustellen, welche Inhalte f\u00fcr Sie relevant sind, und Ihnen diese anzubieten, einschlie\u00dflich, aber nicht beschr\u00e4nkt auf Newsletter, Veranstaltungen, Einladungen, Erinnerungen, Dankesschreiben; c. zum Aufbau einer Datenbank der Lieferanten und Dienstleister von SMDA; d. zum Aufbau einer Datenbank von Bewerbern f\u00fcr Arbeits- und Praktikumsstellen bei SMDA; e. zum Aufbau einer Datenbank von Mitarbeitern von SMDA; f. zum Schutz und zur Verwaltung der Interessen von SMDA; g. zur Einhaltung der geltenden Gesetze.<\/li>\n<\/ol>\n<p><strong>Erhobene personenbezogene Daten<\/strong><\/p>\n<p>SMDA erhebt personenbezogene Daten durch Online-Formulare oder physische Formulare, wenn Sie sich beispielsweise f\u00fcr eine Veranstaltung anmelden, Informationen zur Bewerbung um eine Stelle senden oder Ihre Kontaktdaten \u00fcber die Website eingeben. Die personenbezogenen Daten, die SMDA normalerweise anfordert, umfassen Name, E-Mail, Telefonnummer, Adresse, Unternehmen und Position im Unternehmen. Dar\u00fcber hinaus k\u00f6nnen andere pers\u00f6nliche Informationen empfangen werden durch Lebensl\u00e4ufe, mit denen Sie sich um eine Stelle bewerben; von der Organisation, f\u00fcr die Sie arbeiten; oder sogar aus \u00f6ffentlichen Quellen.<\/p>\n<p>Au\u00dferdem werden beim Besuch der Website von SMDA Internet-Anmeldedaten und Details zum Besucherverhalten gesammelt. So werden z.B. Informationen dazu erhoben, wie viele Nutzer welche Teile der Website von SMDA besuchen.<\/p>\n<p><strong>Weitergabe personenbezogener Daten<\/strong><\/p>\n<p>SMDA wird Ihre personenbezogenen Daten nicht verkaufen, aber sie k\u00f6nnen an Dritte in Brasilien oder im Ausland weitergegeben oder \u00fcbertragen werden, um die in dieser Datenschutzerkl\u00e4rung aufgef\u00fchrten Zwecke angemessen zu erf\u00fcllen und um gerichtlichen Anordnungen oder Entscheidungen anderer zust\u00e4ndiger Beh\u00f6rden gem\u00e4\u00df geltendem Recht nachzukommen. In jedem Fall verpflichtet sich SMDA, nur die personenbezogenen Daten weiterzugeben, die zur Erf\u00fcllung des jeweiligen Zwecks beziehungsweise zur Einhaltung der jeweiligen spezifischen Anordnung erforderlich sind.<\/p>\n<p><strong>Speicherung personenbezogener Daten<\/strong><\/p>\n<p>SMDA kann Ihre personenbezogenen Daten so lange speichern, wie es zur Erf\u00fcllung der in dieser Datenschutzerkl\u00e4rung genannten Zwecke erforderlich ist, sowie zur Einhaltung gesetzlicher oder regulatorischer Verpflichtungen; zur vorschriftsgem\u00e4\u00dfen Aus\u00fcbung von Rechten in gerichtlichen, administrativen oder schiedsgerichtlichen Verfahren; in Situationen, die ein berechtigtes Interesse rechtfertigen; oder f\u00fcr andere im LGPD vorgesehene Zwecke.<\/p>\n<p><strong>Rechte der betroffenen Person<\/strong><\/p>\n<p>In Bezug auf Ihre personenbezogenen Daten haben Sie die folgenden Rechte:<\/p>\n<ul>\n<li><strong>Best\u00e4tigung<\/strong>: Sie haben das Recht auf eine Best\u00e4tigung, dass Ihre personenbezogenen Daten durch SMDA bearbeitet werden.<\/li>\n<li><strong>Zugriff<\/strong>: Vorbehaltlich bestimmter Ausnahmen haben Sie das Recht, eine Kopie Ihrer personenbezogenen Daten anzufordern.<\/li>\n<li><strong>Berichtigung<\/strong>: Sie haben das Recht, zu verlangen, dass veraltete, unvollst\u00e4ndige oder ungenaue personenbezogene Daten, die SMDA von Ihnen verarbeitet, korrigiert werden.<\/li>\n<li><strong>L\u00f6schung<\/strong>: Sie haben das Recht, die L\u00f6schung Ihrer personenbezogenen Daten zu verlangen, die mit Ihrer Einwilligung verarbeitet werden, es sei denn, SMDA ist verpflichtet, diese Daten zur Erf\u00fcllung einer gesetzlichen oder regulatorischen Verpflichtung oder zur Aus\u00fcbung von Rechten in gerichtlichen, administrativen oder schiedsgerichtlichen Verfahren oder f\u00fcr andere vom LGPD genehmigte Zwecke zu speichern.<\/li>\n<li><strong>\u00dcbertragung<\/strong>: Sie k\u00f6nnen die \u00dcbertragung Ihrer personenbezogenen Daten an Dritte verlangen. Dies bedeutet, dass Sie eine Kopie Ihrer personenbezogenen Daten in einem elektronischen Format anfordern und diese zur Nutzung durch Dritte \u00fcbertragen k\u00f6nnen. Wenn Sie dies beantragen und es technisch m\u00f6glich ist, wird SMDA Ihre personenbezogenen Daten an Sie \u00fcbertragen.<\/li>\n<li><strong>Widerspruch<\/strong>: Sie haben das Recht, der Verarbeitung Ihrer personenbezogenen Daten im Falle eines Versto\u00dfes gegen das LGPD zu widersprechen.<\/li>\n<li><strong>Nicht-Einwilligung<\/strong>: Sie haben das Recht, Informationen \u00fcber die M\u00f6glichkeit der Nicht-Einwilligung zur Verarbeitung Ihrer personenbezogenen Daten und die Folgen der Nicht-Einwilligung anzufordern.<\/li>\n<li><strong>Widerruf der Einwilligung<\/strong>: Wenn Sie der Verarbeitung Ihrer personenbezogenen Daten zugestimmt haben, haben Sie das Recht, Ihre Einwilligung jederzeit und kostenlos zu widerrufen.<\/li>\n<\/ul>\n<p>Sie haben auch das Recht, eine Beschwerde bei der Nationalen Datenschutzbeh\u00f6rde (ANPD) einzureichen, wenn Sie der Meinung sind, dass SMDA die geltenden Datenschutzgesetze nicht eingehalten hat.<\/p>\n<p><strong>Datensicherheit<\/strong><\/p>\n<p>Um die personenbezogenen Daten, die sich im Besitz und unter Kontrolle von SMDA befinden, zu sch\u00fctzen, wurden technische und organisatorische Ma\u00dfnahmen implementiert, um unbefugten Zugriff auf personenbezogene Daten zu verhindern und zu beheben, indem anwendbare Mittel und empfohlene Sicherheitsstandards eingesetzt werden, um die Daten im technisch und betrieblich m\u00f6glichen Umfang zu sch\u00fctzen.<\/p>\n<p>Trotz aller Bem\u00fchungen kann SMDA aufgrund der Natur des Internets als offenem globalem Kommunikationsmittel und wegen anderer Risikofaktoren jedoch nicht garantieren, dass alle Informationen bei \u00dcbertragung oder Speicherung in den Systemen von SMDA absolut vor dem Zugriff Dritter gesch\u00fctzt sind.<\/p>\n<p>Auch Sie spielen eine wichtige Rolle beim Schutz personenbezogener Daten. Sie sollten keinen Benutzernamen, kein Passwort oder andere Authentifizierungsdaten, die Ihnen zur Verf\u00fcgung gestellt wurden, weitergeben, und es wird empfohlen, Passw\u00f6rter nicht f\u00fcr mehr als eine Website oder Anwendung zu verwenden.<\/p>\n<p>In diesem Zusammenhang haftet SMDA in keiner Weise f\u00fcr Sch\u00e4den jeglicher Art, einschlie\u00dflich, aber nicht beschr\u00e4nkt auf solche, die aus der Weitergabe Ihrer personenbezogenen Daten an Dritte oder dem Verlust solcher Informationen direkt oder indirekt aus Anwenderfehlern Ihrerseits im Internet resultieren. SMDA ist von jeglicher Haftung f\u00fcr Sch\u00e4den befreit, die sich aus dem Missbrauch der Website oder aus Unf\u00e4llen, \u00c4nderungen oder sonstigen Handlungen und\/oder Umst\u00e4nden ergeben, auf die SMDA keinen Einfluss hat.<\/p>\n<p>Sie sind nicht verpflichtet, personenbezogene Daten bereitzustellen, um die Website zu nutzen oder offline mit SMDA zu interagieren, aber bestimmte Funktionen sind nicht verf\u00fcgbar, wenn Sie Ihre personenbezogenen Daten nicht bereitstellen. Dar\u00fcber hinaus kann SMDA m\u00f6glicherweise nicht auf Ihre Anfrage reagieren, Ihnen keine juristischen Dienstleistungen erbringen oder Marketingmaterial zur Verf\u00fcgung stellen, von dem Sie profitieren k\u00f6nnten.<\/p>\n<p><strong>Kontaktieren Sie uns<\/strong><\/p>\n<p>Wenn Sie Fragen oder Kommentare zu dieser Datenschutzerkl\u00e4rung haben, kontaktieren Sie uns bitte unter folgender E-Mail-Adresse: <a href=\"mailto:dpo@dobler.com.br\">dpo@dobler.com.br<\/a><\/p>\n<p>&nbsp;<\/p>\n","protected":false},"excerpt":{"rendered":"<p>Diese Datenschutzerkl\u00e4rung beschreibt, wie die Kanzlei Sonia Marques D\u00f6bler Advogados (\u201eSMDA\u201c) personenbezogene Daten \u00fcber: Website-Besucher Kontaktpersonen von Mandanten und\/oder potenziellen Mandanten Kontaktpersonen von Lieferanten von Waren und Dienstleistungen alle anderen [&hellip;]<\/p>\n","protected":false},"author":1,"featured_media":0,"parent":0,"menu_order":0,"comment_status":"closed","ping_status":"closed","template":"","meta":{"footnotes":""},"class_list":["post-358","page","type-page","status-publish","hentry"],"acf":[],"yoast_head":"<!-- This site is optimized with the Yoast SEO plugin v26.9 - https:\/\/yoast.com\/product\/yoast-seo-wordpress\/ -->\n<title>Datenschutzerkl\u00e4rung - SMDA<\/title>\n<meta name=\"robots\" content=\"index, follow, max-snippet:-1, max-image-preview:large, max-video-preview:-1\" \/>\n<link rel=\"canonical\" href=\"https:\/\/www.dobler.com.br\/de\/datenschutzerklaerung-2\/\" \/>\n<meta property=\"og:locale\" content=\"de_DE\" \/>\n<meta property=\"og:type\" content=\"article\" \/>\n<meta property=\"og:title\" content=\"Datenschutzerkl\u00e4rung - SMDA\" \/>\n<meta property=\"og:description\" content=\"Diese Datenschutzerkl\u00e4rung beschreibt, wie die Kanzlei Sonia Marques D\u00f6bler Advogados (\u201eSMDA\u201c) personenbezogene Daten \u00fcber: Website-Besucher Kontaktpersonen von Mandanten und\/oder potenziellen Mandanten Kontaktpersonen von Lieferanten von Waren und Dienstleistungen alle anderen [&hellip;]\" \/>\n<meta property=\"og:url\" content=\"https:\/\/www.dobler.com.br\/de\/datenschutzerklaerung-2\/\" \/>\n<meta property=\"og:site_name\" content=\"SMDA\" \/>\n<meta property=\"article:modified_time\" content=\"2024-12-05T14:31:32+00:00\" \/>\n<meta name=\"twitter:card\" content=\"summary_large_image\" \/>\n<meta name=\"twitter:label1\" content=\"Gesch\u00e4tzte Lesezeit\" \/>\n\t<meta name=\"twitter:data1\" content=\"7\u00a0Minuten\" \/>\n<script type=\"application\/ld+json\" class=\"yoast-schema-graph\">{\"@context\":\"https:\/\/schema.org\",\"@graph\":[{\"@type\":\"WebPage\",\"@id\":\"https:\/\/www.dobler.com.br\/de\/datenschutzerklaerung-2\/\",\"url\":\"https:\/\/www.dobler.com.br\/de\/datenschutzerklaerung-2\/\",\"name\":\"Datenschutzerkl\u00e4rung - SMDA\",\"isPartOf\":{\"@id\":\"https:\/\/www.dobler.com.br\/#website\"},\"datePublished\":\"2023-06-06T19:21:00+00:00\",\"dateModified\":\"2024-12-05T14:31:32+00:00\",\"breadcrumb\":{\"@id\":\"https:\/\/www.dobler.com.br\/de\/datenschutzerklaerung-2\/#breadcrumb\"},\"inLanguage\":\"de\",\"potentialAction\":[{\"@type\":\"ReadAction\",\"target\":[\"https:\/\/www.dobler.com.br\/de\/datenschutzerklaerung-2\/\"]}]},{\"@type\":\"BreadcrumbList\",\"@id\":\"https:\/\/www.dobler.com.br\/de\/datenschutzerklaerung-2\/#breadcrumb\",\"itemListElement\":[{\"@type\":\"ListItem\",\"position\":1,\"name\":\"In\u00edcio\",\"item\":\"https:\/\/www.dobler.com.br\/\"},{\"@type\":\"ListItem\",\"position\":2,\"name\":\"Datenschutzerkl\u00e4rung\"}]},{\"@type\":\"WebSite\",\"@id\":\"https:\/\/www.dobler.com.br\/#website\",\"url\":\"https:\/\/www.dobler.com.br\/\",\"name\":\"SMDA\",\"description\":\"\",\"publisher\":{\"@id\":\"https:\/\/www.dobler.com.br\/#organization\"},\"potentialAction\":[{\"@type\":\"SearchAction\",\"target\":{\"@type\":\"EntryPoint\",\"urlTemplate\":\"https:\/\/www.dobler.com.br\/?s={search_term_string}\"},\"query-input\":{\"@type\":\"PropertyValueSpecification\",\"valueRequired\":true,\"valueName\":\"search_term_string\"}}],\"inLanguage\":\"de\"},{\"@type\":\"Organization\",\"@id\":\"https:\/\/www.dobler.com.br\/#organization\",\"name\":\"SMDA\",\"url\":\"https:\/\/www.dobler.com.br\/\",\"logo\":{\"@type\":\"ImageObject\",\"inLanguage\":\"de\",\"@id\":\"https:\/\/www.dobler.com.br\/#\/schema\/logo\/image\/\",\"url\":\"https:\/\/www.dobler.com.br\/wp-content\/uploads\/2023\/05\/bg-placeholder.jpg\",\"contentUrl\":\"https:\/\/www.dobler.com.br\/wp-content\/uploads\/2023\/05\/bg-placeholder.jpg\",\"width\":1920,\"height\":400,\"caption\":\"SMDA\"},\"image\":{\"@id\":\"https:\/\/www.dobler.com.br\/#\/schema\/logo\/image\/\"}}]}<\/script>\n<!-- \/ Yoast SEO plugin. -->","yoast_head_json":{"title":"Datenschutzerkl\u00e4rung - SMDA","robots":{"index":"index","follow":"follow","max-snippet":"max-snippet:-1","max-image-preview":"max-image-preview:large","max-video-preview":"max-video-preview:-1"},"canonical":"https:\/\/www.dobler.com.br\/de\/datenschutzerklaerung-2\/","og_locale":"de_DE","og_type":"article","og_title":"Datenschutzerkl\u00e4rung - SMDA","og_description":"Diese Datenschutzerkl\u00e4rung beschreibt, wie die Kanzlei Sonia Marques D\u00f6bler Advogados (\u201eSMDA\u201c) personenbezogene Daten \u00fcber: Website-Besucher Kontaktpersonen von Mandanten und\/oder potenziellen Mandanten Kontaktpersonen von Lieferanten von Waren und Dienstleistungen alle anderen [&hellip;]","og_url":"https:\/\/www.dobler.com.br\/de\/datenschutzerklaerung-2\/","og_site_name":"SMDA","article_modified_time":"2024-12-05T14:31:32+00:00","twitter_card":"summary_large_image","twitter_misc":{"Gesch\u00e4tzte Lesezeit":"7\u00a0Minuten"},"schema":{"@context":"https:\/\/schema.org","@graph":[{"@type":"WebPage","@id":"https:\/\/www.dobler.com.br\/de\/datenschutzerklaerung-2\/","url":"https:\/\/www.dobler.com.br\/de\/datenschutzerklaerung-2\/","name":"Datenschutzerkl\u00e4rung - SMDA","isPartOf":{"@id":"https:\/\/www.dobler.com.br\/#website"},"datePublished":"2023-06-06T19:21:00+00:00","dateModified":"2024-12-05T14:31:32+00:00","breadcrumb":{"@id":"https:\/\/www.dobler.com.br\/de\/datenschutzerklaerung-2\/#breadcrumb"},"inLanguage":"de","potentialAction":[{"@type":"ReadAction","target":["https:\/\/www.dobler.com.br\/de\/datenschutzerklaerung-2\/"]}]},{"@type":"BreadcrumbList","@id":"https:\/\/www.dobler.com.br\/de\/datenschutzerklaerung-2\/#breadcrumb","itemListElement":[{"@type":"ListItem","position":1,"name":"In\u00edcio","item":"https:\/\/www.dobler.com.br\/"},{"@type":"ListItem","position":2,"name":"Datenschutzerkl\u00e4rung"}]},{"@type":"WebSite","@id":"https:\/\/www.dobler.com.br\/#website","url":"https:\/\/www.dobler.com.br\/","name":"SMDA","description":"","publisher":{"@id":"https:\/\/www.dobler.com.br\/#organization"},"potentialAction":[{"@type":"SearchAction","target":{"@type":"EntryPoint","urlTemplate":"https:\/\/www.dobler.com.br\/?s={search_term_string}"},"query-input":{"@type":"PropertyValueSpecification","valueRequired":true,"valueName":"search_term_string"}}],"inLanguage":"de"},{"@type":"Organization","@id":"https:\/\/www.dobler.com.br\/#organization","name":"SMDA","url":"https:\/\/www.dobler.com.br\/","logo":{"@type":"ImageObject","inLanguage":"de","@id":"https:\/\/www.dobler.com.br\/#\/schema\/logo\/image\/","url":"https:\/\/www.dobler.com.br\/wp-content\/uploads\/2023\/05\/bg-placeholder.jpg","contentUrl":"https:\/\/www.dobler.com.br\/wp-content\/uploads\/2023\/05\/bg-placeholder.jpg","width":1920,"height":400,"caption":"SMDA"},"image":{"@id":"https:\/\/www.dobler.com.br\/#\/schema\/logo\/image\/"}}]}},"_links":{"self":[{"href":"https:\/\/www.dobler.com.br\/de\/wp-json\/wp\/v2\/pages\/358","targetHints":{"allow":["GET"]}}],"collection":[{"href":"https:\/\/www.dobler.com.br\/de\/wp-json\/wp\/v2\/pages"}],"about":[{"href":"https:\/\/www.dobler.com.br\/de\/wp-json\/wp\/v2\/types\/page"}],"author":[{"embeddable":true,"href":"https:\/\/www.dobler.com.br\/de\/wp-json\/wp\/v2\/users\/1"}],"replies":[{"embeddable":true,"href":"https:\/\/www.dobler.com.br\/de\/wp-json\/wp\/v2\/comments?post=358"}],"version-history":[{"count":3,"href":"https:\/\/www.dobler.com.br\/de\/wp-json\/wp\/v2\/pages\/358\/revisions"}],"predecessor-version":[{"id":712,"href":"https:\/\/www.dobler.com.br\/de\/wp-json\/wp\/v2\/pages\/358\/revisions\/712"}],"wp:attachment":[{"href":"https:\/\/www.dobler.com.br\/de\/wp-json\/wp\/v2\/media?parent=358"}],"curies":[{"name":"wp","href":"https:\/\/api.w.org\/{rel}","templated":true}]}}